{"id":58,"date":"2017-09-03T20:43:27","date_gmt":"2017-09-03T18:43:27","guid":{"rendered":"http:\/\/solenscene-cec.be\/?page_id=58"},"modified":"2023-06-04T17:33:17","modified_gmt":"2023-06-04T15:33:17","slug":"le-conseil-daministration","status":"publish","type":"page","link":"https:\/\/solenscene-cec.be\/index.php\/lequipe\/le-conseil-daministration\/","title":{"rendered":"Le conseil d&rsquo;aministration"},"content":{"rendered":"<p>&nbsp;<\/p>\n<h4 style=\"text-align: right;\">Secr\u00e9taire coordinatrice: Genevieve Gerard<img loading=\"lazy\" decoding=\"async\" class=\"size-medium wp-image-134 alignleft\" src=\"https:\/\/solenscene-cec.be\/wp-content\/uploads\/2017\/09\/Gene-152x300.jpg\" alt=\"\" width=\"152\" height=\"300\" srcset=\"https:\/\/solenscene-cec.be\/wp-content\/uploads\/2017\/09\/Gene-152x300.jpg 152w, https:\/\/solenscene-cec.be\/wp-content\/uploads\/2017\/09\/Gene-768x1514.jpg 768w, https:\/\/solenscene-cec.be\/wp-content\/uploads\/2017\/09\/Gene-520x1024.jpg 520w, https:\/\/solenscene-cec.be\/wp-content\/uploads\/2017\/09\/Gene.jpg 1059w\" sizes=\"auto, (max-width: 152px) 100vw, 152px\" \/><\/h4>\n<p style=\"text-align: right;\">Titulaire d&rsquo;un master en chant et p\u00e9dagogie musicale. A votre service depuis 17 ans pour mettre en place des ateliers permettant l&rsquo;\u00e9panouissement de la cr\u00e9ativit\u00e9 de vos enfants ainsi que l&rsquo;accessibilit\u00e9 aux arts de la parole et de la musique (ne perdons pas l&rsquo;oreille de vue).<\/p>\n<h4><\/h4>\n<h4><\/h4>\n<h4><\/h4>\n<h4><\/h4>\n<h4><\/h4>\n<p>&nbsp;<\/p>\n<p>&nbsp;<\/p>\n<p>&nbsp;<\/p>\n<p>&nbsp;<\/p>\n<p>&nbsp;<\/p>\n<h4>Tr\u00e9sorier: Christian Postman<\/h4>\n<h4><img loading=\"lazy\" decoding=\"async\" class=\"size-medium wp-image-133 alignright\" src=\"https:\/\/solenscene-cec.be\/wp-content\/uploads\/2017\/09\/20170908_203457-1-300x296.jpg\" alt=\"\" width=\"300\" height=\"296\" srcset=\"https:\/\/solenscene-cec.be\/wp-content\/uploads\/2017\/09\/20170908_203457-1-300x296.jpg 300w, https:\/\/solenscene-cec.be\/wp-content\/uploads\/2017\/09\/20170908_203457-1-768x758.jpg 768w, https:\/\/solenscene-cec.be\/wp-content\/uploads\/2017\/09\/20170908_203457-1.jpg 889w\" sizes=\"auto, (max-width: 300px) 100vw, 300px\" \/><\/h4>\n<p>&nbsp;<\/p>\n","protected":false},"excerpt":{"rendered":"<p>&nbsp; Secr\u00e9taire coordinatrice: Genevieve Gerard Titulaire d&rsquo;un master en chant et p\u00e9dagogie musicale. A votre service depuis 17 ans pour mettre en place des ateliers permettant l&rsquo;\u00e9panouissement de la cr\u00e9ativit\u00e9 de vos enfants ainsi que l&rsquo;accessibilit\u00e9 aux arts de la parole et de la musique (ne perdons pas l&rsquo;oreille de vue). &nbsp; &nbsp; &nbsp; &nbsp; [&hellip;]<\/p>\n","protected":false},"author":1,"featured_media":0,"parent":21,"menu_order":5,"comment_status":"closed","ping_status":"closed","template":"","meta":{"footnotes":""},"class_list":["post-58","page","type-page","status-publish","hentry"],"_links":{"self":[{"href":"https:\/\/solenscene-cec.be\/index.php\/wp-json\/wp\/v2\/pages\/58","targetHints":{"allow":["GET"]}}],"collection":[{"href":"https:\/\/solenscene-cec.be\/index.php\/wp-json\/wp\/v2\/pages"}],"about":[{"href":"https:\/\/solenscene-cec.be\/index.php\/wp-json\/wp\/v2\/types\/page"}],"author":[{"embeddable":true,"href":"https:\/\/solenscene-cec.be\/index.php\/wp-json\/wp\/v2\/users\/1"}],"replies":[{"embeddable":true,"href":"https:\/\/solenscene-cec.be\/index.php\/wp-json\/wp\/v2\/comments?post=58"}],"version-history":[{"count":7,"href":"https:\/\/solenscene-cec.be\/index.php\/wp-json\/wp\/v2\/pages\/58\/revisions"}],"predecessor-version":[{"id":557,"href":"https:\/\/solenscene-cec.be\/index.php\/wp-json\/wp\/v2\/pages\/58\/revisions\/557"}],"up":[{"embeddable":true,"href":"https:\/\/solenscene-cec.be\/index.php\/wp-json\/wp\/v2\/pages\/21"}],"wp:attachment":[{"href":"https:\/\/solenscene-cec.be\/index.php\/wp-json\/wp\/v2\/media?parent=58"}],"curies":[{"name":"wp","href":"https:\/\/api.w.org\/{rel}","templated":true}]}}