{"id":24,"date":"2017-09-03T18:00:40","date_gmt":"2017-09-03T16:00:40","guid":{"rendered":"http:\/\/solenscene-cec.be\/?page_id=24"},"modified":"2023-06-04T17:33:37","modified_gmt":"2023-06-04T15:33:37","slug":"contact","status":"publish","type":"page","link":"https:\/\/solenscene-cec.be\/index.php\/contact\/","title":{"rendered":"Contact"},"content":{"rendered":"<p>&nbsp;<\/p>\n<p>&nbsp;<\/p>\n\n<div class=\"wpcf7 no-js\" id=\"wpcf7-f176-o1\" lang=\"fr-FR\" dir=\"ltr\" data-wpcf7-id=\"176\">\n<div class=\"screen-reader-response\"><p role=\"status\" aria-live=\"polite\" aria-atomic=\"true\"><\/p> <ul><\/ul><\/div>\n<form action=\"\/index.php\/wp-json\/wp\/v2\/pages\/24#wpcf7-f176-o1\" method=\"post\" class=\"wpcf7-form init\" aria-label=\"Formulaire de contact\" novalidate=\"novalidate\" data-status=\"init\">\n<fieldset class=\"hidden-fields-container\"><input type=\"hidden\" name=\"_wpcf7\" value=\"176\" \/><input type=\"hidden\" name=\"_wpcf7_version\" value=\"6.1.1\" \/><input type=\"hidden\" name=\"_wpcf7_locale\" value=\"fr_FR\" \/><input type=\"hidden\" name=\"_wpcf7_unit_tag\" value=\"wpcf7-f176-o1\" \/><input type=\"hidden\" name=\"_wpcf7_container_post\" value=\"0\" \/><input type=\"hidden\" name=\"_wpcf7_posted_data_hash\" value=\"\" \/><input type=\"hidden\" name=\"_wpcf7cf_hidden_group_fields\" value=\"[]\" \/><input type=\"hidden\" name=\"_wpcf7cf_hidden_groups\" value=\"[]\" \/><input type=\"hidden\" name=\"_wpcf7cf_visible_groups\" value=\"[]\" \/><input type=\"hidden\" name=\"_wpcf7cf_repeaters\" value=\"[]\" \/><input type=\"hidden\" name=\"_wpcf7cf_steps\" value=\"{}\" \/><input type=\"hidden\" name=\"_wpcf7cf_options\" value=\"{&quot;form_id&quot;:176,&quot;conditions&quot;:[],&quot;settings&quot;:{&quot;animation&quot;:&quot;yes&quot;,&quot;animation_intime&quot;:200,&quot;animation_outtime&quot;:200,&quot;conditions_ui&quot;:&quot;normal&quot;,&quot;notice_dismissed&quot;:false}}\" \/><input type=\"hidden\" name=\"_uacf7_hidden_conditional_fields\" value=\"\" \/>\n<\/fieldset>\n<div class=\"uacf7-form-wrapper-container uacf7-form-176  \"><label> Votre nom (obligatoire)\n    <span class=\"wpcf7-form-control-wrap\" data-name=\"your-name\"><input size=\"40\" maxlength=\"400\" class=\"wpcf7-form-control wpcf7-text wpcf7-validates-as-required\" aria-required=\"true\" aria-invalid=\"false\" value=\"\" type=\"text\" name=\"your-name\" \/><\/span> <\/label>\n\n<label> Votre e-mail (obligatoire)\n    <span class=\"wpcf7-form-control-wrap\" data-name=\"your-email\"><input size=\"40\" maxlength=\"400\" class=\"wpcf7-form-control wpcf7-email wpcf7-validates-as-required wpcf7-text wpcf7-validates-as-email\" aria-required=\"true\" aria-invalid=\"false\" value=\"\" type=\"email\" name=\"your-email\" \/><\/span> <\/label>\n<label> Impl\u00e9mentation (obligatoire)\n<span class=\"wpcf7-form-control-wrap\" data-name=\"imple\"><select class=\"wpcf7-form-control wpcf7-select wpcf7-validates-as-required\" id=\"implementation\" aria-required=\"true\" aria-invalid=\"false\" name=\"imple\"><option value=\"\">&#8212;Veuillez choisir une option&#8212;<\/option><option value=\"Coll\u00e8ge Da Vinci\">Coll\u00e8ge Da Vinci<\/option><option value=\"Jodoigne\">Jodoigne<\/option><option value=\"Huppaye\">Huppaye<\/option><option value=\"Jean-Paul II\">Jean-Paul II<\/option><\/select><\/span>\n<\/label>\n\n<label> Activit\u00e9 en rappport avec votre question (obligatoire)\n<span class=\"wpcf7-form-control-wrap\" data-name=\"acti\"><select class=\"wpcf7-form-control wpcf7-select\" aria-invalid=\"false\" name=\"acti\"><option value=\"Fl\u00fbte \u00e0 bec et traversi\u00e8re\">Fl\u00fbte \u00e0 bec et traversi\u00e8re<\/option><option value=\"Batterie\">Batterie<\/option><option value=\"Chant\">Chant<\/option><option value=\"Guitare \u00e9lectrique\">Guitare \u00e9lectrique<\/option><option value=\"Guitare classique\">Guitare classique<\/option><option value=\"Saxophone et clarinette\">Saxophone et clarinette<\/option><option value=\"Piano et synth\u00e9tiseur\">Piano et synth\u00e9tiseur<\/option><option value=\"Chant choral\">Chant choral<\/option><option value=\"Eveil 3, 4, 5 ans\">Eveil 3, 4, 5 ans<\/option><option value=\"Initiation pr\u00e9-solf\u00e8ge\">Initiation pr\u00e9-solf\u00e8ge<\/option><option value=\"Groupe rock\/vari\u00e9t\u00e9\/jazz\">Groupe rock\/vari\u00e9t\u00e9\/jazz<\/option><option value=\"Corps\/rythme enfants\">Corps\/rythme enfants<\/option><option value=\"Corps\/rythme adultes\">Corps\/rythme adultes<\/option><option value=\"Th\u00e9\u00e2tre enfants\">Th\u00e9\u00e2tre enfants<\/option><option value=\"Th\u00e9\u00e2tre adolescents\">Th\u00e9\u00e2tre adolescents<\/option><option value=\"Orthophonie\">Orthophonie<\/option><option value=\"Vid\u00e9o\">Vid\u00e9o<\/option><option value=\"Piano semi-collectif\">Piano semi-collectif<\/option><\/select><\/span>\n<\/label>\n\n<label> Votre message\n    <span class=\"wpcf7-form-control-wrap\" data-name=\"your-message\"><textarea cols=\"40\" rows=\"10\" maxlength=\"2000\" class=\"wpcf7-form-control wpcf7-textarea\" aria-invalid=\"false\" name=\"your-message\"><\/textarea><\/span> <\/label>\n\n<input class=\"wpcf7-form-control wpcf7-submit has-spinner\" type=\"submit\" value=\"Envoyer\" \/><\/div><div class=\"wpcf7-response-output\" aria-hidden=\"true\"><\/div>\n<\/form>\n<\/div>\n\n<p>&nbsp;<\/p>\n<p>Adresse mail: solenscene.cec@gmail.com<br \/>\nPage Facebook:\u00a0<a href=\"https:\/\/www.facebook.com\/sol.enscene.5\">https:\/\/www.facebook.com\/sol.enscene.5<\/a><br \/>\nCoordinatrice, Genevieve Gerard: 0494\/34.09.07<br \/>\nAdresse \u00e0 laquelle renvoyer la fiche d&rsquo;inscription\u00a0<strong>originale<\/strong>: solensc\u00e8ne, Rue de la Gare 5-1, 5300 Andenne<\/p>\n<p>&nbsp;<\/p>\n<p>En cas de probl\u00e8me avec le site veuillez contacter: thomas.werland@gmail.com<\/p>\n<p>&nbsp;<\/p>\n","protected":false},"excerpt":{"rendered":"<p>&nbsp; &nbsp; &nbsp; Adresse mail: solenscene.cec@gmail.com Page Facebook:\u00a0https:\/\/www.facebook.com\/sol.enscene.5 Coordinatrice, Genevieve Gerard: 0494\/34.09.07 Adresse \u00e0 laquelle renvoyer la fiche d&rsquo;inscription\u00a0originale: solensc\u00e8ne, Rue de la Gare 5-1, 5300 Andenne &nbsp; En cas de probl\u00e8me avec le site veuillez contacter: thomas.werland@gmail.com &nbsp;<\/p>\n","protected":false},"author":1,"featured_media":0,"parent":0,"menu_order":8,"comment_status":"closed","ping_status":"closed","template":"template-contact.php","meta":{"footnotes":""},"class_list":["post-24","page","type-page","status-publish","hentry"],"_links":{"self":[{"href":"https:\/\/solenscene-cec.be\/index.php\/wp-json\/wp\/v2\/pages\/24","targetHints":{"allow":["GET"]}}],"collection":[{"href":"https:\/\/solenscene-cec.be\/index.php\/wp-json\/wp\/v2\/pages"}],"about":[{"href":"https:\/\/solenscene-cec.be\/index.php\/wp-json\/wp\/v2\/types\/page"}],"author":[{"embeddable":true,"href":"https:\/\/solenscene-cec.be\/index.php\/wp-json\/wp\/v2\/users\/1"}],"replies":[{"embeddable":true,"href":"https:\/\/solenscene-cec.be\/index.php\/wp-json\/wp\/v2\/comments?post=24"}],"version-history":[{"count":8,"href":"https:\/\/solenscene-cec.be\/index.php\/wp-json\/wp\/v2\/pages\/24\/revisions"}],"predecessor-version":[{"id":558,"href":"https:\/\/solenscene-cec.be\/index.php\/wp-json\/wp\/v2\/pages\/24\/revisions\/558"}],"wp:attachment":[{"href":"https:\/\/solenscene-cec.be\/index.php\/wp-json\/wp\/v2\/media?parent=24"}],"curies":[{"name":"wp","href":"https:\/\/api.w.org\/{rel}","templated":true}]}}