{"id":18,"date":"2017-09-03T18:00:26","date_gmt":"2017-09-03T16:00:26","guid":{"rendered":"http:\/\/solenscene-cec.be\/?page_id=18"},"modified":"2026-01-15T17:40:09","modified_gmt":"2026-01-15T16:40:09","slug":"stages","status":"publish","type":"page","link":"https:\/\/solenscene-cec.be\/index.php\/stages\/","title":{"rendered":"Stages"},"content":{"rendered":"<h2><strong>Sur\u00a0l\u2019implantation principale (Rue Emile de Brabant 35 \u00e0 1360 Perwez)<\/strong><\/h2>\n<h3 class=\"p1\">Voyage au c\u0153ur des merveilles de l hiver.\u00a0<\/h3>\n<div>\n<div class=\"gmail-x11i5rnm gmail-xat24cr gmail-x1mh8g0r gmail-x1vvkbs gmail-xtlvy1s gmail-x126k92a\">\n<div dir=\"auto\">\n<p class=\"p1\">Les enfants s&rsquo;\u00e9panouissent \u00e0 travers la mise en sc\u00e8ne d&rsquo;une belle histoire ou la musique et les chansons auront bien leur place !<\/p>\n<p class=\"p1\">Le travail de sc\u00e8ne et l&rsquo;entra\u00eenement sur les interpr\u00e9tations musicales aboutiront \u00e0 la pr\u00e9sentation d&rsquo;un petit spectacle \u00e0 la fin du stage.<\/p>\n<\/div>\n<\/div>\n<\/div>\n<h4>Horaires et prix<\/h4>\n<p>Du 16 f\u00e9vrier au 20 f\u00e9vrier de 9 heures \u00e0 16 heures.<br \/>120 euros\/sermaine.<br \/>Garderie possible de 8h30 \u00e0 9h et de 16h \u00e0 16h30, co\u00fbt 1 euro par demi-heure entam\u00e9e sur demande pr\u00e9alable.<br \/>Il est destin\u00e9e prioritairement aux enfants de 6 \u00e0 12 ans<br \/>Apporter son pique-nique, boissons et collations.<\/p>\n<p>Pour inscription veuillez remplir ce <a href=\"https:\/\/solenscene-cec.be\/files\/stage_fevrier_26.docx\">formulaire<\/a> et le renvoyer \u00e0 l&rsquo;adresse suivante: <span class=\"s1\"><a href=\"mailto:solenscene-cec@gmail.com\">solenscene.cec@gmail.com<\/a><\/span><\/p>\n<div dir=\"auto\">Pour tout contact, l&rsquo;adresse mail : <a href=\"mailto:solenscene.cec@gmail.com\">solenscene.cec@gmail.com<\/a><\/div>\n<div dir=\"auto\">Tel Mme G\u00e9rard : 0494 34 09 07<\/div>\n<div dir=\"auto\">Tel Christine : 0497 67 95 14<\/div>\n\n\n<p><\/p>\n","protected":false},"excerpt":{"rendered":"<p>Sur\u00a0l\u2019implantation principale (Rue Emile de Brabant 35 \u00e0 1360 Perwez) Voyage au c\u0153ur des merveilles de l hiver.\u00a0 Les enfants s&rsquo;\u00e9panouissent \u00e0 travers la mise en sc\u00e8ne d&rsquo;une belle histoire ou la musique et les chansons auront bien leur place ! Le travail de sc\u00e8ne et l&rsquo;entra\u00eenement sur les interpr\u00e9tations musicales aboutiront \u00e0 la pr\u00e9sentation [&hellip;]<\/p>\n","protected":false},"author":1,"featured_media":0,"parent":0,"menu_order":6,"comment_status":"closed","ping_status":"closed","template":"","meta":{"footnotes":""},"class_list":["post-18","page","type-page","status-publish","hentry"],"_links":{"self":[{"href":"https:\/\/solenscene-cec.be\/index.php\/wp-json\/wp\/v2\/pages\/18","targetHints":{"allow":["GET"]}}],"collection":[{"href":"https:\/\/solenscene-cec.be\/index.php\/wp-json\/wp\/v2\/pages"}],"about":[{"href":"https:\/\/solenscene-cec.be\/index.php\/wp-json\/wp\/v2\/types\/page"}],"author":[{"embeddable":true,"href":"https:\/\/solenscene-cec.be\/index.php\/wp-json\/wp\/v2\/users\/1"}],"replies":[{"embeddable":true,"href":"https:\/\/solenscene-cec.be\/index.php\/wp-json\/wp\/v2\/comments?post=18"}],"version-history":[{"count":27,"href":"https:\/\/solenscene-cec.be\/index.php\/wp-json\/wp\/v2\/pages\/18\/revisions"}],"predecessor-version":[{"id":1133,"href":"https:\/\/solenscene-cec.be\/index.php\/wp-json\/wp\/v2\/pages\/18\/revisions\/1133"}],"wp:attachment":[{"href":"https:\/\/solenscene-cec.be\/index.php\/wp-json\/wp\/v2\/media?parent=18"}],"curies":[{"name":"wp","href":"https:\/\/api.w.org\/{rel}","templated":true}]}}