{"id":15,"date":"2017-09-03T18:00:18","date_gmt":"2017-09-03T16:00:18","guid":{"rendered":"http:\/\/solenscene-cec.be\/?page_id=15"},"modified":"2020-08-30T17:19:07","modified_gmt":"2020-08-30T15:19:07","slug":"horaires","status":"publish","type":"page","link":"https:\/\/solenscene-cec.be\/index.php\/horaires\/","title":{"rendered":"Horaires"},"content":{"rendered":"<h4>Le si\u00e8ge principal des activit\u00e9s se trouve d\u00e9sormais \u00e0 l&rsquo;\u00e9cole Jean-Paul II,\u00a035 rue Emile de Brabant \u00e0 1360 Perwez.<\/h4>\n\n<table id=\"tablepress-10\" class=\"tablepress tablepress-id-10\">\n<thead>\n<tr class=\"row-1\">\n\t<th colspan=\"2\" class=\"column-1\">Jean-Paul II: Horaire individuel<\/th>\n<\/tr>\n<\/thead>\n<tbody class=\"row-striping row-hover\">\n<tr class=\"row-2\">\n\t<td class=\"column-1\">Batterie<\/td><td class=\"column-2\">jeudi<\/td>\n<\/tr>\n<tr class=\"row-3\">\n\t<td class=\"column-1\">Piano<\/td><td class=\"column-2\">lundi, mardi, mercredi, jeudi<\/td>\n<\/tr>\n<tr class=\"row-4\">\n\t<td class=\"column-1\">Fl\u00fbte \u00e0 bec et traversi\u00e8re<\/td><td class=\"column-2\">vendredi<\/td>\n<\/tr>\n<tr class=\"row-5\">\n\t<td class=\"column-1\">Guitare<\/td><td class=\"column-2\">jeudi<\/td>\n<\/tr>\n<tr class=\"row-6\">\n\t<td class=\"column-1\">Chant<\/td><td class=\"column-2\">lundi, samedi<\/td>\n<\/tr>\n<tr class=\"row-7\">\n\t<td class=\"column-1\">Clarinette-saxophone<\/td><td class=\"column-2\"><\/td>\n<\/tr>\n<\/tbody>\n<\/table>\n<!-- #tablepress-10 from cache -->\n\n<table id=\"tablepress-7\" class=\"tablepress tablepress-id-7\">\n<thead>\n<tr class=\"row-1\">\n\t<th colspan=\"2\" class=\"column-1\">Jean-Paul II: Horaire collectif<\/th>\n<\/tr>\n<\/thead>\n<tbody class=\"row-striping row-hover\">\n<tr class=\"row-2\">\n\t<td class=\"column-1\">Eveil <\/td><td class=\"column-2\">vendredi de 15h45 \u00e0 16h45 | vendredi de 16h45 \u00e0 17h45<\/td>\n<\/tr>\n<tr class=\"row-3\">\n\t<td class=\"column-1\"> Initiation \u201ccorps et rythmes\u201d, enfants<\/td><td class=\"column-2\"> vendredi 17h25 \u00e0 19h05<\/td>\n<\/tr>\n<tr class=\"row-4\">\n\t<td class=\"column-1\">Atelier corps-rythme enfants niveau 2<\/td><td class=\"column-2\">mardi 15h45 \u00e0 17h25<\/td>\n<\/tr>\n<tr class=\"row-5\">\n\t<td class=\"column-1\">Atelier corps-rythme enfants niveau 3<\/td><td class=\"column-2\">vendredi 15h45 \u00e0 17h25<\/td>\n<\/tr>\n<tr class=\"row-6\">\n\t<td class=\"column-1\">Atelier corps-rythme enfants niveau 4 <\/td><td class=\"column-2\">vendredi  19h05 \u00e0 20h40<\/td>\n<\/tr>\n<tr class=\"row-7\">\n\t<td class=\"column-1\">Atelier corps-rythme adulte niveau 1<\/td><td class=\"column-2\">mardi de 18h25 \u00e0 19h25<\/td>\n<\/tr>\n<tr class=\"row-8\">\n\t<td class=\"column-1\">Atelier corps-rythme adulte niveau 2<\/td><td class=\"column-2\"> mardi 19h25 \u00e0 20h25<\/td>\n<\/tr>\n<tr class=\"row-9\">\n\t<td class=\"column-1\">Atelier corps-rythme adulte niveau 3<\/td><td class=\"column-2\">mardi 17h25 \u00e0 18h25<\/td>\n<\/tr>\n<tr class=\"row-10\">\n\t<td class=\"column-1\">Th\u00e9\u00e2tre de 5 \u00e0 8 ans<\/td><td class=\"column-2\">jeudi 15h35 \u00e0 16h35<\/td>\n<\/tr>\n<tr class=\"row-11\">\n\t<td class=\"column-1\">Th\u00e9\u00e2tre enfants de 8 \u00e0 12 ans<\/td><td class=\"column-2\">mardi 18h15 \u00e0 19h15 <\/td>\n<\/tr>\n<tr class=\"row-12\">\n\t<td class=\"column-1\">Th\u00e9\u00e2tre adultes \u00e0 partir de 12 ans<\/td><td class=\"column-2\">jeudi 18h15 \u00e0 19h15<\/td>\n<\/tr>\n<tr class=\"row-13\">\n\t<td class=\"column-1\">Atelier \u00e9criture<\/td><td class=\"column-2\">samedi de 9h \u00e0 10h30<\/td>\n<\/tr>\n<\/tbody>\n<\/table>\n<!-- #tablepress-7 from cache -->\n<h4><strong>Toute inscription \u00e0 un atelier individuel d\u2019instrument ou de chant implique l\u2019inscription au collectif \u00e9veil, initiation ou corps\/rythme correspondant \u00e0 l\u2019\u00e2ge de l\u2019enfant.<br \/>\nEn effet, l\u2019optique de SolenSc\u00e8ne est de favoriser l\u2019autonomie de l\u2019enfant face \u00e0 son instrument, ce qui n\u00e9cessite un support au niveau de l\u2019apprentissage de du langage musical.<\/strong><\/h4>\n\n<table id=\"tablepress-5\" class=\"tablepress tablepress-id-5\">\n<thead>\n<tr class=\"row-1\">\n\t<th colspan=\"2\" class=\"column-1\">Jodoigne<\/th>\n<\/tr>\n<\/thead>\n<tbody class=\"row-striping row-hover\">\n<tr class=\"row-2\">\n\t<td class=\"column-1\">Eveil et initiation musicale enfant de 3 \u00e0 5 ans<\/td><td class=\"column-2\">mardi de 15h50 \u00e0 16h50<\/td>\n<\/tr>\n<tr class=\"row-3\">\n\t<td class=\"column-1\">Eveil et initiation musicale enfant de 6 \u00e0 9 ans<\/td><td class=\"column-2\">mardi de 16h50 \u00e0 17h50<\/td>\n<\/tr>\n<tr class=\"row-4\">\n\t<td class=\"column-1\">Th\u00e9\u00e2tre enfant de la 3\u00e8me maternelle \u00e0 la 3\u00e8me primaire<\/td><td class=\"column-2\">lundi de 15h45 \u00e0 16h45<\/td>\n<\/tr>\n<tr class=\"row-5\">\n\t<td class=\"column-1\">Th\u00e9\u00e2tre enfant de la 3\u00e8me jusqu'\u00e0 la 6\u00e8me primaire<\/td><td class=\"column-2\">lundi de 16h45 \u00e0 17h45<\/td>\n<\/tr>\n<\/tbody>\n<\/table>\n<!-- #tablepress-5 from cache -->\n\n<table id=\"tablepress-6\" class=\"tablepress tablepress-id-6\">\n<thead>\n<tr class=\"row-1\">\n\t<th colspan=\"2\" class=\"column-1\">Huppaye <\/th>\n<\/tr>\n<\/thead>\n<tbody class=\"row-striping row-hover\">\n<tr class=\"row-2\">\n\t<td class=\"column-1\">Eveil musical m1 et m2<\/td><td class=\"column-2\">lundi de 15h30 \u00e0 16h30<\/td>\n<\/tr>\n<tr class=\"row-3\">\n\t<td class=\"column-1\">Initiation musicale m3 \u00e0 p3<\/td><td class=\"column-2\">lundi de 16h30 \u00e0 17h30<\/td>\n<\/tr>\n<tr class=\"row-4\">\n\t<td class=\"column-1\">Th\u00e9\u00e2tre enfants de 5 et 6 ans<\/td><td class=\"column-2\">mardi de 15h30 \u00e0 16h30<\/td>\n<\/tr>\n<tr class=\"row-5\">\n\t<td class=\"column-1\">Th\u00e9\u00e2tre enfants \u00e0 partir de 7 ans  <\/td><td class=\"column-2\">mardi de 16h30 \u00e0 17h30<\/td>\n<\/tr>\n<\/tbody>\n<\/table>\n<!-- #tablepress-6 from cache -->\n\n<table id=\"tablepress-9\" class=\"tablepress tablepress-id-9\">\n<thead>\n<tr class=\"row-1\">\n\t<th colspan=\"2\" class=\"column-1\">Ecole communale rue de Brabant<\/th>\n<\/tr>\n<\/thead>\n<tbody class=\"row-striping row-hover\">\n<tr class=\"row-2\">\n\t<td class=\"column-1\">Th\u00e9\u00e2tre enfants de 6 \u00e0 12 ans <\/td><td class=\"column-2\">jeudi de 16h40 \u00e0 17h40<\/td>\n<\/tr>\n<\/tbody>\n<\/table>\n<!-- #tablepress-9 from cache -->\n<h4><strong>Toute inscription \u00e0 un atelier individuel d\u2019instrument ou de chant implique l\u2019inscription au collectif \u00e9veil, initiation ou corps\/rythme correspondant \u00e0 l\u2019\u00e2ge de l\u2019enfant.<br \/>\nEn effet, l\u2019optique de SolenSc\u00e8ne est de favoriser l\u2019autonomie de l\u2019enfant face \u00e0 son instrument, ce qui n\u00e9cessite un support au niveau de l\u2019apprentissage de du langage musical.<\/strong><\/h4>\n<p>Pour toutes questions \u00e0 propos \u00a0des activit\u00e9s veuillez vous rendre sur la page <a href=\"https:\/\/solenscene-cec.be\/index.php\/contact\/\">contact<\/a><\/p>\n","protected":false},"excerpt":{"rendered":"<p>Le si\u00e8ge principal des activit\u00e9s se trouve d\u00e9sormais \u00e0 l&rsquo;\u00e9cole Jean-Paul II,\u00a035 rue Emile de Brabant \u00e0 1360 Perwez. Toute inscription \u00e0 un atelier individuel d\u2019instrument ou de chant implique l\u2019inscription au collectif \u00e9veil, initiation ou corps\/rythme correspondant \u00e0 l\u2019\u00e2ge de l\u2019enfant. En effet, l\u2019optique de SolenSc\u00e8ne est de favoriser l\u2019autonomie de l\u2019enfant face \u00e0 [&hellip;]<\/p>\n","protected":false},"author":1,"featured_media":0,"parent":0,"menu_order":3,"comment_status":"closed","ping_status":"closed","template":"","meta":{"footnotes":""},"class_list":["post-15","page","type-page","status-publish","hentry"],"_links":{"self":[{"href":"https:\/\/solenscene-cec.be\/index.php\/wp-json\/wp\/v2\/pages\/15","targetHints":{"allow":["GET"]}}],"collection":[{"href":"https:\/\/solenscene-cec.be\/index.php\/wp-json\/wp\/v2\/pages"}],"about":[{"href":"https:\/\/solenscene-cec.be\/index.php\/wp-json\/wp\/v2\/types\/page"}],"author":[{"embeddable":true,"href":"https:\/\/solenscene-cec.be\/index.php\/wp-json\/wp\/v2\/users\/1"}],"replies":[{"embeddable":true,"href":"https:\/\/solenscene-cec.be\/index.php\/wp-json\/wp\/v2\/comments?post=15"}],"version-history":[{"count":17,"href":"https:\/\/solenscene-cec.be\/index.php\/wp-json\/wp\/v2\/pages\/15\/revisions"}],"predecessor-version":[{"id":1123,"href":"https:\/\/solenscene-cec.be\/index.php\/wp-json\/wp\/v2\/pages\/15\/revisions\/1123"}],"wp:attachment":[{"href":"https:\/\/solenscene-cec.be\/index.php\/wp-json\/wp\/v2\/media?parent=15"}],"curies":[{"name":"wp","href":"https:\/\/api.w.org\/{rel}","templated":true}]}}